{"id":5676,"date":"2023-12-10T12:43:24","date_gmt":"2023-12-10T12:43:24","guid":{"rendered":"https:\/\/www.iluzijumuzejs.lv\/?page_id=5676"},"modified":"2023-12-27T13:49:24","modified_gmt":"2023-12-27T13:49:24","slug":"grozs","status":"publish","type":"page","link":"https:\/\/www.iluzijumuzejs.lv\/lt\/grozs\/","title":{"rendered":"Krep\u0161elis"},"content":{"rendered":"<div data-elementor-type=\"wp-page\" data-elementor-id=\"5676\" class=\"elementor elementor-5676\" data-elementor-post-type=\"page\">\n\t\t\t\t<div class=\"elementor-element elementor-element-539bda7 e-flex e-con-boxed e-con e-parent\" data-id=\"539bda7\" data-element_type=\"container\" data-e-type=\"container\">\n\t\t\t\t\t<div class=\"e-con-inner\">\n\t\t\t\t\t<\/div>\n\t\t\t\t<\/div>\n\t\t\t\t<\/div>","protected":false},"excerpt":{"rendered":"<p>Pa\u0161alinti prek\u0119 Miniati\u016brinis paveiksl\u0117lis Prek\u0117s kaina Kiekis Tarpin\u0117 suma \u00d7 Bilietai Rezervuota nuo: 27\/12\/2023 14:00 Rezervuota iki: 27\/12\/2023 15:30 Turtas: Ryga Suaug\u0119s: 1 10,00 \u20ac Biliet\u0173 kiekis 10,00 \u20ac Atnaujinti krep\u0161el\u012f Taikyti kupon\u0105 Krep\u0161elio suma Tarpin\u0117 suma 10,00 \u20ac I\u0161 viso 10,00 \u20ac Pereiti \u012f kas\u0105<\/p>","protected":false},"author":7,"featured_media":0,"parent":0,"menu_order":0,"comment_status":"closed","ping_status":"closed","template":"","meta":{"footnotes":""},"class_list":["post-5676","page","type-page","status-publish","hentry"],"jetpack_sharing_enabled":true,"_links":{"self":[{"href":"https:\/\/www.iluzijumuzejs.lv\/lt\/wp-json\/wp\/v2\/pages\/5676","targetHints":{"allow":["GET"]}}],"collection":[{"href":"https:\/\/www.iluzijumuzejs.lv\/lt\/wp-json\/wp\/v2\/pages"}],"about":[{"href":"https:\/\/www.iluzijumuzejs.lv\/lt\/wp-json\/wp\/v2\/types\/page"}],"author":[{"embeddable":true,"href":"https:\/\/www.iluzijumuzejs.lv\/lt\/wp-json\/wp\/v2\/users\/7"}],"replies":[{"embeddable":true,"href":"https:\/\/www.iluzijumuzejs.lv\/lt\/wp-json\/wp\/v2\/comments?post=5676"}],"version-history":[{"count":13,"href":"https:\/\/www.iluzijumuzejs.lv\/lt\/wp-json\/wp\/v2\/pages\/5676\/revisions"}],"predecessor-version":[{"id":6389,"href":"https:\/\/www.iluzijumuzejs.lv\/lt\/wp-json\/wp\/v2\/pages\/5676\/revisions\/6389"}],"wp:attachment":[{"href":"https:\/\/www.iluzijumuzejs.lv\/lt\/wp-json\/wp\/v2\/media?parent=5676"}],"curies":[{"name":"wp","href":"https:\/\/api.w.org\/{rel}","templated":true}]}}