{"id":5638,"date":"2023-12-10T10:58:53","date_gmt":"2023-12-10T10:58:53","guid":{"rendered":"https:\/\/www.iluzijumuzejs.lv\/?page_id=5638"},"modified":"2023-12-10T14:08:56","modified_gmt":"2023-12-10T14:08:56","slug":"piegades-politika","status":"publish","type":"page","link":"https:\/\/www.iluzijumuzejs.lv\/lt\/piegades-politika\/","title":{"rendered":"Pristatymo politika"},"content":{"rendered":"<div data-elementor-type=\"wp-page\" data-elementor-id=\"5638\" class=\"elementor elementor-5638\" data-elementor-post-type=\"page\">\n\t\t\t\t<div class=\"elementor-element elementor-element-5c5f98a e-flex e-con-boxed e-con e-parent\" data-id=\"5c5f98a\" data-element_type=\"container\" data-e-type=\"container\">\n\t\t\t\t\t<div class=\"e-con-inner\">\n\t\t\t\t<div class=\"elementor-element elementor-element-618b099 elementor-widget elementor-widget-text-editor\" data-id=\"618b099\" data-element_type=\"widget\" data-e-type=\"widget\" data-widget_type=\"text-editor.default\">\n\t\t\t\t<div class=\"elementor-widget-container\">\n\t\t\t\t\t\t\t\t\t<p>Iliuzij\u0173 muziejus \"Cosmos\" - Elektroninio bilieto s\u0105lygos<\/p><p>Mielas sve\u010dias!<\/p><p>D\u0117kojame, kad pasirinkote \"Cosmos\" iliuzij\u0173 muziej\u0173 savo b\u016bsimai pramogai. Siekdami u\u017etikrinti ai\u0161k\u0173 biliet\u0173 pristatym\u0105, atkreipkite d\u0117mes\u012f \u012f m\u016bs\u0173 pristatymo politik\u0105:<\/p><ol><li><strong>Elektroniniai bilietai <br \/><\/strong>Visi \u012fsigyti bilietai bus pristatyti j\u016bs\u0173 nurodytu el. pa\u0161to adresu. Fizini\u0173 biliet\u0173 nepristatome pa\u0161tu ar per kurjer\u012f.<\/li><li><strong>Pristatymo laikas <br \/><\/strong>S\u0117kmingai u\u017ebaigus pirkim\u0105, elektroniniai bilietai bus i\u0161si\u0173sti \u012f j\u016bs\u0173 el. pa\u0161to adres\u0105.<\/li><li><strong>Patvirtinimas el. pa\u0161tu <br \/><\/strong>Kad \u012f\u0117jimas \u012f muziej\u0173 vykt\u0173 skland\u017eiai, i\u0161saugokite el. lai\u0161ko patvirtinim\u0105 su bilieto informacija.<br \/><br \/><\/li><\/ol><p>Jei kilt\u0173 problem\u0173 d\u0117l biliet\u0173 pristatymo arba tur\u0117tum\u0117te klausim\u0173, nedvejodami kreipkit\u0117s \u012f mus. <a href=\"mailto:info@cosmosiluzijumuzejs.lv\">info@iluzijumuzejs.lv <\/a>. Esame pasireng\u0119 pad\u0117ti ir u\u017etikrinti, kad j\u016bs\u0173 apsilankymas iliuzij\u0173 muziejuje \"Cosmos\" vykt\u0173 skland\u017eiai.<\/p><p>D\u0117kojame u\u017e supratim\u0105 ir pasitik\u0117jim\u0105 mumis.<\/p><p>Geriausi link\u0117jimai,<\/p><p>Kosmoso iliuzij\u0173 muziejus<\/p>\t\t\t\t\t\t\t\t<\/div>\n\t\t\t\t<\/div>\n\t\t\t\t\t<\/div>\n\t\t\t\t<\/div>\n\t\t\t\t<\/div>","protected":false},"excerpt":{"rendered":"<p>Iliuzij\u0173 muziejus \"Cosmos\" - Elektroninio bilieto s\u0105lygos Mielas sve\u010diau! D\u0117kojame, kad savo b\u016bsimai pramogai pasirinkote Cosmos Museum of Illusions. Elektroniniai bilietai Visi \u012fsigyti bilietai bus pristatyti j\u016bs\u0173 nurodytu el. pa\u0161to adresu. Fizini\u0173 biliet\u0173 nepristatome pa\u0161tu ar per kurjer\u012f. Pristatymo laikas Elektroniniai bilietai bus i\u0161si\u0173sti [...]<\/p>","protected":false},"author":7,"featured_media":0,"parent":0,"menu_order":0,"comment_status":"closed","ping_status":"closed","template":"","meta":{"footnotes":""},"class_list":["post-5638","page","type-page","status-publish","hentry"],"jetpack_sharing_enabled":true,"_links":{"self":[{"href":"https:\/\/www.iluzijumuzejs.lv\/lt\/wp-json\/wp\/v2\/pages\/5638","targetHints":{"allow":["GET"]}}],"collection":[{"href":"https:\/\/www.iluzijumuzejs.lv\/lt\/wp-json\/wp\/v2\/pages"}],"about":[{"href":"https:\/\/www.iluzijumuzejs.lv\/lt\/wp-json\/wp\/v2\/types\/page"}],"author":[{"embeddable":true,"href":"https:\/\/www.iluzijumuzejs.lv\/lt\/wp-json\/wp\/v2\/users\/7"}],"replies":[{"embeddable":true,"href":"https:\/\/www.iluzijumuzejs.lv\/lt\/wp-json\/wp\/v2\/comments?post=5638"}],"version-history":[{"count":10,"href":"https:\/\/www.iluzijumuzejs.lv\/lt\/wp-json\/wp\/v2\/pages\/5638\/revisions"}],"predecessor-version":[{"id":5693,"href":"https:\/\/www.iluzijumuzejs.lv\/lt\/wp-json\/wp\/v2\/pages\/5638\/revisions\/5693"}],"wp:attachment":[{"href":"https:\/\/www.iluzijumuzejs.lv\/lt\/wp-json\/wp\/v2\/media?parent=5638"}],"curies":[{"name":"wp","href":"https:\/\/api.w.org\/{rel}","templated":true}]}}