{"id":5630,"date":"2023-12-10T10:44:54","date_gmt":"2023-12-10T10:44:54","guid":{"rendered":"https:\/\/www.iluzijumuzejs.lv\/?page_id=5630"},"modified":"2023-12-21T13:15:47","modified_gmt":"2023-12-21T13:15:47","slug":"atgriesanas-nosacijumi","status":"publish","type":"page","link":"https:\/\/www.iluzijumuzejs.lv\/lt\/atgriesanas-nosacijumi\/","title":{"rendered":"Gr\u0105\u017einimo s\u0105lygos"},"content":{"rendered":"<div data-elementor-type=\"wp-page\" data-elementor-id=\"5630\" class=\"elementor elementor-5630\" data-elementor-post-type=\"page\">\n\t\t\t\t<div class=\"elementor-element elementor-element-3007e34 e-flex e-con-boxed e-con e-parent\" data-id=\"3007e34\" data-element_type=\"container\" data-e-type=\"container\">\n\t\t\t\t\t<div class=\"e-con-inner\">\n\t\t\t\t<div class=\"elementor-element elementor-element-69d2d48 elementor-widget elementor-widget-text-editor\" data-id=\"69d2d48\" data-element_type=\"widget\" data-e-type=\"widget\" data-widget_type=\"text-editor.default\">\n\t\t\t\t<div class=\"elementor-widget-container\">\n\t\t\t\t\t\t\t\t\t<p>Biliet\u0173 gr\u0105\u017einimo politika<\/p><p>Gerbiamas kliente,<\/p><p>D\u0117kojame, kad pasirinkote \"Cosmos\" iliuzij\u0173 muziej\u0173 savo b\u016bsimam vizitui. D\u017eiaugiam\u0117s gal\u0117dami dalyvauti j\u016bs\u0173 kelion\u0117je \u012f iliuzij\u0173 ir stebukl\u0173 pasaul\u012f.<\/p><p>Atkreipkite d\u0117mes\u012f \u012f m\u016bs\u0173 biliet\u0173 gr\u0105\u017einimo politik\u0105:<\/p><ol><li><strong>Negr\u0105\u017einami bilietai:<br \/><\/strong>Visi parduodami bilietai yra galutiniai ir apgailestaujame, kad jokiomis aplinkyb\u0117mis negr\u0105\u017einame pinig\u0173. (Jei bilietas at\u0161aukiamas, bus gr\u0105\u017einti visi pinigai. Gr\u0105\u017einamos l\u0117\u0161os bus gr\u0105\u017einamos naudojant pradin\u012f mok\u0117jimo b\u016bd\u0105, vis\u0173 pirma kortel\u0119, kuri buvo naudota perkant biliet\u0105).<\/li><li><strong>Bilieto patvirtinimas:<br \/><\/strong>U\u017ebaig\u0119 pirkim\u0105 tur\u0117tum\u0117te gauti patvirtinimo el. lai\u0161k\u0105 su svarbia informacija apie apsilankym\u0105. Pra\u0161ome i\u0161saugoti \u0161\u012f patvirtinim\u0105 savo dokumentams.<\/li><li><strong>Biliet\u0173 pakeitimai:<br \/><\/strong>Bilietai neperleid\u017eiami, o pakeisti apsilankymo datos ar laiko gali b\u016bti ne\u012fmanoma.<\/li><li><strong>Susisiekite su:<br \/><\/strong>Atnaujinkite savo kontaktinius duomenis, kad gautum\u0117te svarbius prane\u0161imus ar atnaujinimus apie savo apsilankym\u0105.<\/li><\/ol><ol><li style=\"list-style-type: none;\">\u00a0<\/li><\/ol><ol><li style=\"list-style-type: none;\">\u00a0<\/li><\/ol><ol><li style=\"list-style-type: none;\">\u00a0<\/li><\/ol><ol><li style=\"list-style-type: none;\">\u00a0<\/li><\/ol><p>Suprantame, kad gali susidaryti nenumatyt\u0173 aplinkybi\u0173, ta\u010diau m\u016bs\u0173 politika yra sukurta taip, kad visiems m\u016bs\u0173 lankytojams b\u016bt\u0173 u\u017etikrinta geriausia patirtis. Jei turite koki\u0173 nors klausim\u0173 ar r\u016bpes\u010di\u0173, nedvejodami kreipkit\u0117s \u012f mus <a href=\"mailto:info@cosmosiluzijumuzejs.lv\">info@iluzijumuzejs.lv <\/a>. Mes esame \u010dia, kad jums pad\u0117tume, o apsilankymas Kosmoso iliuzij\u0173 muziejuje b\u016bt\u0173 nepamir\u0161tamas.<\/p><p>D\u0117kojame, kad pasirinkote iliuzij\u0173 muziej\u0173 \"Cosmos\". D\u017eiaugiam\u0117s gal\u0117dami jus pasveikinti magi\u0161kame iliuzij\u0173 pasaulyje.<\/p><p>Geriausi link\u0117jimai,<\/p><p>Kosmoso iliuzij\u0173 muziejus<\/p>\t\t\t\t\t\t\t\t<\/div>\n\t\t\t\t<\/div>\n\t\t\t\t\t<\/div>\n\t\t\t\t<\/div>\n\t\t\t\t<\/div>","protected":false},"excerpt":{"rendered":"<p>Biliet\u0173 gr\u0105\u017einimo politika Gerbiamas kliente, D\u0117kojame, kad pasirinkote \"Cosmos\" iliuzij\u0173 muziej\u0173 savo art\u0117jan\u010diam vizitui. D\u017eiaugiam\u0117s gal\u0117dami dalyvauti j\u016bs\u0173 kelion\u0117je \u012f iliuzij\u0173 ir stebukl\u0173 pasaul\u012f. Pra\u0161ome atkreipti d\u0117mes\u012f \u012f m\u016bs\u0173 biliet\u0173 gr\u0105\u017einimo politik\u0105. ([...]<\/p>","protected":false},"author":7,"featured_media":0,"parent":0,"menu_order":0,"comment_status":"closed","ping_status":"closed","template":"","meta":{"footnotes":""},"class_list":["post-5630","page","type-page","status-publish","hentry"],"jetpack_sharing_enabled":true,"_links":{"self":[{"href":"https:\/\/www.iluzijumuzejs.lv\/lt\/wp-json\/wp\/v2\/pages\/5630","targetHints":{"allow":["GET"]}}],"collection":[{"href":"https:\/\/www.iluzijumuzejs.lv\/lt\/wp-json\/wp\/v2\/pages"}],"about":[{"href":"https:\/\/www.iluzijumuzejs.lv\/lt\/wp-json\/wp\/v2\/types\/page"}],"author":[{"embeddable":true,"href":"https:\/\/www.iluzijumuzejs.lv\/lt\/wp-json\/wp\/v2\/users\/7"}],"replies":[{"embeddable":true,"href":"https:\/\/www.iluzijumuzejs.lv\/lt\/wp-json\/wp\/v2\/comments?post=5630"}],"version-history":[{"count":16,"href":"https:\/\/www.iluzijumuzejs.lv\/lt\/wp-json\/wp\/v2\/pages\/5630\/revisions"}],"predecessor-version":[{"id":6013,"href":"https:\/\/www.iluzijumuzejs.lv\/lt\/wp-json\/wp\/v2\/pages\/5630\/revisions\/6013"}],"wp:attachment":[{"href":"https:\/\/www.iluzijumuzejs.lv\/lt\/wp-json\/wp\/v2\/media?parent=5630"}],"curies":[{"name":"wp","href":"https:\/\/api.w.org\/{rel}","templated":true}]}}