{"id":5396,"date":"2023-12-07T07:13:09","date_gmt":"2023-12-07T07:13:09","guid":{"rendered":"https:\/\/www.iluzijumuzejs.lv\/?page_id=5396"},"modified":"2023-12-08T14:55:39","modified_gmt":"2023-12-08T14:55:39","slug":"cancellation-form","status":"publish","type":"page","link":"https:\/\/www.iluzijumuzejs.lv\/lt\/cancellation-form\/","title":{"rendered":"AT\u0160AUKIMO FORMA"},"content":{"rendered":"<div data-elementor-type=\"wp-page\" data-elementor-id=\"5396\" class=\"elementor elementor-5396\" data-elementor-post-type=\"page\">\n\t\t\t\t<div class=\"elementor-element elementor-element-4e45a68d e-con-full e-flex e-con e-parent\" data-id=\"4e45a68d\" data-element_type=\"container\" data-e-type=\"container\" data-settings=\"{&quot;background_background&quot;:&quot;gradient&quot;}\">\n\t\t<div class=\"elementor-element elementor-element-7c3c6e0d e-con-full e-flex e-con e-child\" data-id=\"7c3c6e0d\" data-element_type=\"container\" data-e-type=\"container\">\n\t\t\t\t<div class=\"elementor-element elementor-element-1b930005 elementor-widget elementor-widget-heading\" data-id=\"1b930005\" data-element_type=\"widget\" data-e-type=\"widget\" data-widget_type=\"heading.default\">\n\t\t\t\t<div class=\"elementor-widget-container\">\n\t\t\t\t\t<h2 class=\"elementor-heading-title elementor-size-default\">Pa\u017eym\u0117kite at\u0161aukimo prie\u017eastis:<\/h2>\t\t\t\t<\/div>\n\t\t\t\t<\/div>\n\t\t\t\t<div class=\"elementor-element elementor-element-19ec0636 elementor-button-align-start elementor-mobile-button-align-stretch elementor-tablet-button-align-stretch elementor-widget-tablet__width-inherit elementor-widget elementor-widget-form\" data-id=\"19ec0636\" data-element_type=\"widget\" data-e-type=\"widget\" data-settings=\"{&quot;step_next_label&quot;:&quot;Next&quot;,&quot;step_previous_label&quot;:&quot;Previous&quot;,&quot;button_width&quot;:&quot;50&quot;,&quot;button_width_tablet&quot;:&quot;50&quot;,&quot;button_width_mobile&quot;:&quot;100&quot;,&quot;step_type&quot;:&quot;number_text&quot;,&quot;step_icon_shape&quot;:&quot;circle&quot;}\" data-widget_type=\"form.default\">\n\t\t\t\t<div class=\"elementor-widget-container\">\n\t\t\t\t\t\t\t<form class=\"elementor-form\" method=\"post\" name=\"New Form\" action=\"\">\n\t\t\t<input type=\"hidden\" name=\"post_id\" value=\"5396\"\/>\n\t\t\t<input type=\"hidden\" name=\"form_id\" value=\"19ec0636\"\/>\n\t\t\t<input type=\"hidden\" name=\"referer_title\" value=\"\" \/>\n\n\t\t\t\n\t\t\t<div class=\"elementor-form-fields-wrapper elementor-labels-\">\n\t\t\t\t\t\t\t\t<div class=\"elementor-field-type-text elementor-field-group elementor-column elementor-field-group-email elementor-col-50 elementor-md-50 elementor-field-required\">\n\t\t\t\t\t\t\t\t\t\t\t\t<label for=\"form-field-email\" class=\"elementor-field-label elementor-screen-only\">\n\t\t\t\t\t\t\t\tPavadinimas\t\t\t\t\t\t\t<\/label>\n\t\t\t\t\t\t\t\t\t\t\t\t\t\t<input size=\"1\" type=\"text\" name=\"form_fields[email]\" id=\"form-field-email\" class=\"elementor-field elementor-size-sm  elementor-field-textual\" placeholder=\"Pavadinimas\" required=\"required\" aria-required=\"true\">\n\t\t\t\t\t\t\t\t\t\t\t<\/div>\n\t\t\t\t\t\t\t\t<div class=\"elementor-field-type-text elementor-field-group elementor-column elementor-field-group-field_0b54900 elementor-col-50 elementor-md-50 elementor-field-required\">\n\t\t\t\t\t\t\t\t\t\t\t\t<label for=\"form-field-field_0b54900\" class=\"elementor-field-label elementor-screen-only\">\n\t\t\t\t\t\t\t\tPavard\u0117\t\t\t\t\t\t\t<\/label>\n\t\t\t\t\t\t\t\t\t\t\t\t\t\t<input size=\"1\" type=\"text\" name=\"form_fields[field_0b54900]\" id=\"form-field-field_0b54900\" class=\"elementor-field elementor-size-sm  elementor-field-textual\" placeholder=\"Pavard\u0117\" required=\"required\" aria-required=\"true\">\n\t\t\t\t\t\t\t\t\t\t\t<\/div>\n\t\t\t\t\t\t\t\t<div class=\"elementor-field-type-checkbox elementor-field-group elementor-column elementor-field-group-field_267ac15 elementor-col-100 elementor-md-50\">\n\t\t\t\t\t\t\t\t\t\t\t\t<label for=\"form-field-field_267ac15\" class=\"elementor-field-label elementor-screen-only\">\n\t\t\t\t\t\t\t\tPrie\u017eastis:\t\t\t\t\t\t\t<\/label>\n\t\t\t\t\t\t<div class=\"elementor-field-subgroup\"><span class=\"elementor-field-option\"><input type=\"checkbox\" value=\"Maks\u0101jumu probl\u0113mas\" id=\"form-field-field_267ac15-0\" name=\"form_fields[field_267ac15][]\"> <label for=\"form-field-field_267ac15-0\">Mok\u0117jimo problemos<\/label><\/span><span class=\"elementor-field-option\"><input type=\"checkbox\" value=\"P\u0101r\u0101k maz inform\u0101cijas\" id=\"form-field-field_267ac15-1\" name=\"form_fields[field_267ac15][]\"> <label for=\"form-field-field_267ac15-1\">Per ma\u017eai informacijos<\/label><\/span><span class=\"elementor-field-option\"><input type=\"checkbox\" value=\"Augstas izmaksas\" id=\"form-field-field_267ac15-2\" name=\"form_fields[field_267ac15][]\"> <label for=\"form-field-field_267ac15-2\">Didel\u0117s i\u0161laidos<\/label><\/span><\/div>\t\t\t\t<\/div>\n\t\t\t\t\t\t\t\t<div class=\"elementor-field-type-textarea elementor-field-group elementor-column elementor-field-group-field_dd59abe elementor-col-100 elementor-md-50 elementor-field-required\">\n\t\t\t\t\t\t\t\t\t\t\t\t<label for=\"form-field-field_dd59abe\" class=\"elementor-field-label elementor-screen-only\">\n\t\t\t\t\t\t\t\tApib\u016bdinta prie\u017eastis\t\t\t\t\t\t\t<\/label>\n\t\t\t\t\t\t<textarea class=\"elementor-field-textual elementor-field  elementor-size-sm\" name=\"form_fields[field_dd59abe]\" id=\"form-field-field_dd59abe\" rows=\"3\" placeholder=\"Kita (nurodykite)\" required=\"required\" aria-required=\"true\"><\/textarea>\t\t\t\t<\/div>\n\t\t\t\t\t\t\t\t<div class=\"elementor-field-group elementor-column elementor-field-type-submit elementor-col-50 e-form__buttons elementor-md-50 elementor-sm-100\">\n\t\t\t\t\t<button type=\"submit\" class=\"elementor-button elementor-size-md elementor-animation-grow\">\n\t\t\t\t\t\t<span >\n\t\t\t\t\t\t\t\t\t\t\t\t\t\t\t<span class=\"elementor-button-icon\">\n\t\t\t\t\t\t\t\t\t\t\t\t\t\t\t\t\t\t\t\t\t\t\t\t\t\t<\/span>\n\t\t\t\t\t\t\t\t\t\t\t\t\t\t\t\t\t\t\t\t\t\t<span class=\"elementor-button-text\">Si\u0173sti adresu<\/span>\n\t\t\t\t\t\t\t\t\t\t\t\t\t<\/span>\n\t\t\t\t\t<\/button>\n\t\t\t\t<\/div>\n\t\t\t<\/div>\n\t\t<input type=\"hidden\" name=\"trp-form-language\" value=\"lt\"\/><\/form>\n\t\t\t\t\t\t<\/div>\n\t\t\t\t<\/div>\n\t\t\t\t<\/div>\n\t\t\t\t<div class=\"elementor-element elementor-element-6253063 elementor-widget__width-initial elementor-widget elementor-widget-image\" data-id=\"6253063\" data-element_type=\"widget\" data-e-type=\"widget\" data-widget_type=\"image.default\">\n\t\t\t\t<div class=\"elementor-widget-container\">\n\t\t\t\t\t\t\t\t\t\t\t\t\t\t\t<img fetchpriority=\"high\" decoding=\"async\" width=\"300\" height=\"225\" src=\"https:\/\/www.iluzijumuzejs.lv\/wp-content\/uploads\/2023\/07\/2.png\" class=\"attachment-large size-large wp-image-2970\" alt=\"\" \/>\t\t\t\t\t\t\t\t\t\t\t\t\t\t\t<\/div>\n\t\t\t\t<\/div>\n\t\t\t\t<\/div>\n\t\t\t\t<\/div>","protected":false},"excerpt":{"rendered":"<p>Pa\u017eym\u0117kite at\u0161aukimo prie\u017eastis:<\/p>","protected":false},"author":7,"featured_media":0,"parent":0,"menu_order":0,"comment_status":"closed","ping_status":"closed","template":"","meta":{"footnotes":""},"class_list":["post-5396","page","type-page","status-publish","hentry"],"jetpack_sharing_enabled":true,"_links":{"self":[{"href":"https:\/\/www.iluzijumuzejs.lv\/lt\/wp-json\/wp\/v2\/pages\/5396","targetHints":{"allow":["GET"]}}],"collection":[{"href":"https:\/\/www.iluzijumuzejs.lv\/lt\/wp-json\/wp\/v2\/pages"}],"about":[{"href":"https:\/\/www.iluzijumuzejs.lv\/lt\/wp-json\/wp\/v2\/types\/page"}],"author":[{"embeddable":true,"href":"https:\/\/www.iluzijumuzejs.lv\/lt\/wp-json\/wp\/v2\/users\/7"}],"replies":[{"embeddable":true,"href":"https:\/\/www.iluzijumuzejs.lv\/lt\/wp-json\/wp\/v2\/comments?post=5396"}],"version-history":[{"count":25,"href":"https:\/\/www.iluzijumuzejs.lv\/lt\/wp-json\/wp\/v2\/pages\/5396\/revisions"}],"predecessor-version":[{"id":5548,"href":"https:\/\/www.iluzijumuzejs.lv\/lt\/wp-json\/wp\/v2\/pages\/5396\/revisions\/5548"}],"wp:attachment":[{"href":"https:\/\/www.iluzijumuzejs.lv\/lt\/wp-json\/wp\/v2\/media?parent=5396"}],"curies":[{"name":"wp","href":"https:\/\/api.w.org\/{rel}","templated":true}]}}