{"id":456,"date":"2021-11-30T14:02:48","date_gmt":"2021-11-30T14:02:48","guid":{"rendered":"https:\/\/www.iluzijumuzejs.lv\/?page_id=456"},"modified":"2023-12-10T10:41:13","modified_gmt":"2023-12-10T10:41:13","slug":"privacy-policy","status":"publish","type":"page","link":"https:\/\/www.iluzijumuzejs.lv\/lt\/privacy-policy\/","title":{"rendered":"Privatumo politika"},"content":{"rendered":"<div data-elementor-type=\"wp-page\" data-elementor-id=\"456\" class=\"elementor elementor-456\" data-elementor-post-type=\"page\">\n\t\t\t\t<div class=\"elementor-element elementor-element-103e6be0 e-flex e-con-boxed e-con e-parent\" data-id=\"103e6be0\" data-element_type=\"container\" data-e-type=\"container\">\n\t\t\t\t\t<div class=\"e-con-inner\">\n\t\t\t\t<div class=\"elementor-element elementor-element-e2712e0 elementor-widget elementor-widget-text-editor\" data-id=\"e2712e0\" data-element_type=\"widget\" data-e-type=\"widget\" data-widget_type=\"text-editor.default\">\n\t\t\t\t<div class=\"elementor-widget-container\">\n\t\t\t\t\t\t\t\t\t<ol>\n<li>\u0160ioje privatumo politikoje i\u0161d\u0117styti principai, kuriais vadovaujamasi renkant, tvarkant ir naudojant naudotojo informacij\u0105, \u012fskaitant asmens duomenis, svetain\u0117je www.iluzijumuzejs.lv (toliau - svetain\u0117).<\/li>\n<li>Svetain\u0117s naudotoj\u0173 duomenis administruoja MB \" Traukos sl\u0117nis \" Cosmos Infinite Way filialas, kurio buvein\u0117 yra adresu Dom\u0101 laukums 1, Ryga (toliau - \"Iliuzij\u0173 muziejus\").<\/li>\n<li>Privatumo apsauga, \u012fskaitant Svetain\u0117s naudotoj\u0173 asmens duomen\u0173 apsaug\u0105, yra prioritetin\u0117 \"Illusion Museums\" veikla. Iliuzij\u0173 muziejus deda visas pastangas, \u012fskaitant atsargumo priemones ir apsaugos priemones, kad u\u017e\u0161ifruot\u0173 perdavimus tarp naudotoj\u0173 ir interneto serverio ir apsaugot\u0173 perdavimus tarp interneto serverio ir Kosmoso muziejaus kasos sistemos, naudodamas special\u0173 \u0161ifruot\u0105 VPN ry\u0161\u012f. Be to, Iliuzij\u0173 muziejus atskiria duomen\u0173 baz\u0117s server\u012f nuo i\u0161orinio tinklo, kad Svetain\u0117s naudotoj\u0173 perduodami asmens duomenys b\u016bt\u0173 apsaugoti nuo praradimo, sugadinimo, atskleidimo ar ne\u012fgaliot\u0173 asmen\u0173 prieigos.<\/li>\n<li>Naudodamasis Svetaine, Iliuzij\u0173 muziejus gali rinkti naudotojo duomenis, b\u016btinus tinkamam vis\u0173 Svetain\u0117s funkcij\u0173 veikimui. Vis\u0173 pirma renkama informacija apie naudotojo buvimo viet\u0105, naudojamo \u012frenginio IP, naudotojo veikl\u0105 Svetain\u0117je ir vadinamieji slapukai. Daugiau apie slapuk\u0173 rinkimo ir naudojimo principus Svetain\u0117s naudotojas gali su\u017einoti i\u0161 atskiros informacijos Svetain\u0117je.<\/li>\n<li>Iliuzij\u0173 muziejus nenaudoja 4 dalyje nurodyt\u0173 duomen\u0173 Svetain\u0117s naudotojams identifikuoti. Jei \u0161ie duomenys atskirai arba kartu su kita informacija leid\u017eia nustatyti naudotojo tapatyb\u0119, jie laikomi asmens duomenimis ir jiems taikomi 6-16 dalyse apra\u0161yti principai.<\/li>\n<li>Asmens duomenys Svetain\u0117je tvarkomi pagal 2016 m. baland\u017eio 27 d. Europos Parlamento ir Tarybos reglament\u0105 (ES) 2016\/679 d\u0117l fizini\u0173 asmen\u0173 apsaugos tvarkant asmens duomenis ir d\u0117l laisvo toki\u0173 duomen\u0173 jud\u0117jimo ir kuriuo panaikinama Direktyva 95\/46\/EB (toliau - BDAR).<\/li>\n<li>Duomenys tvarkomi pagal 2016 m. baland\u017eio 27 d. Bendrojo duomen\u0173 apsaugos reglamento 6 straipsnio 1 dalies 1 punkto f papunkt\u012f, t. y. tvarkyti duomenis b\u016btina siekiant \u012fgyvendinti teis\u0117tus Iliuzij\u0173 muziejaus interesus, kurie apima Iliuzij\u0173 muziejaus svetain\u0117s veikim\u0105 ir per j\u0105 informavim\u0105 apie Iliuzij\u0173 muziejaus vykdom\u0105 veikl\u0105.<\/li>\n<li>Duomenys renkami tam, kad Vartotojas gal\u0117t\u0173 naudotis visomis Svetain\u0117s funkcijomis.<\/li>\n<li>Duomenys tvarkomi tiek laiko, kiek reikia, kad Vartotojas gal\u0117t\u0173 visapusi\u0161kai naudotis Svetaine.<\/li>\n<li>Muziej\u0173 labui ir atskleid\u017eiami \u012fstaigoms, kurioms tai daryti leid\u017eiama pagal \u012fstatym\u0105.<\/li>\n<li>Kiekvienas asmuo turi teis\u0119 susipa\u017einti su savo duomenimis, juos i\u0161taisyti, i\u0161trinti ar apriboti j\u0173 tvarkym\u0105, taip pat pra\u0161yti perduoti duomenis.<\/li>\n<li>Vartotojas turi teis\u0119 nesutikti, kad jo duomenys b\u016bt\u0173 tvarkomi.<\/li>\n<li>Vartotojas turi teis\u0119 pateikti skund\u0105 \"Illusion Museum\" prie\u017ei\u016bros institucijai, t. y. Asmens duomen\u0173 apsaugos tarnybai, Elijas g. 17, LV-1050, <em>RIGA <\/em>.<\/li>\n<li>Asmens duomenys teikiami savanori\u0161kai, ta\u010diau j\u0173 gali prireikti norint naudotis visomis Svetain\u0117s funkcijomis.<\/li>\n<li>Sprendimai d\u0117l pateikt\u0173 asmens duomen\u0173 n\u0117ra priimami automatizuotomis priemon\u0117mis.<\/li>\n<li>Galite kreiptis \u012f Iliuzij\u0173 muziej\u0173 , \u012fskaitant asmen\u012f, Iliuzij\u0173 muziejaus vardu atliekant\u012f duomen\u0173 apsaugos pareig\u016bno funkcijas, ra\u0161tu 1 dalyje nurodytu registruotos buvein\u0117s adresu arba elektroniniu b\u016bdu \u0161iuo el. pa\u0161to adresu: info@iluzijumuzejs.lv.<\/li>\n<li>Apskritai, kad gal\u0117tum\u0117te naudotis Svetain\u0117s funkcijomis, jums nereikia atsidaryti paskyros ar prisijungti prie Svetain\u0117s.<\/li>\n<\/ol>\n<ol>\n<li>Jei norite \u012fsigyti bilietus \u012f \"Illusion\" organizuojamus renginius, muziejui reikalingi registracijos formose pateikti asmens duomenys.<\/li>\n<li>\u0160i privatumo politika taikoma tik Svetainei. Iliuzij\u0173 muziejus neatsako u\u017e svetaini\u0173, \u012f kurias Svetain\u0117s naudotojai patenka per Svetain\u0117je pateiktas nuorodas, principus ir privatumo politik\u0105.<\/li>\n<li>Apie bet kokius \u0161io dokumento pakeitimus Svetain\u0117s naudotojams prane\u0161ama skelbiant informacij\u0105 Svetain\u0117je.<\/li>\n<\/ol>\t\t\t\t\t\t\t\t<\/div>\n\t\t\t\t<\/div>\n\t\t\t\t\t<\/div>\n\t\t\t\t<\/div>\n\t\t\t\t<\/div>","protected":false},"excerpt":{"rendered":"<p>\u0160ioje privatumo politikoje i\u0161d\u0117styti principai, kuriais vadovaujamasi renkant, tvarkant ir naudojant naudotojo informacij\u0105, \u012fskaitant asmens duomenis, svetain\u0117je www.iluzijumuzejs.lv (toliau - svetain\u0117). Svetain\u0117s naudotoj\u0173 duomenis administruoja MB \"Traukos sl\u0117nis\" filialas \"Cosmos Infinite Way\", kurio buvein\u0117 yra adresu Dom\u0101 laukums 1, Ryga (toliau - \"Iliuzij\u0173 muziejus\"). Privatumo apsauga, \u012fskaitant naudotoj\u0173 asmens duomen\u0173 apsaug\u0105, [...]<\/p>","protected":false},"author":1,"featured_media":0,"parent":0,"menu_order":0,"comment_status":"closed","ping_status":"closed","template":"","meta":{"footnotes":""},"class_list":["post-456","page","type-page","status-publish","hentry"],"jetpack_sharing_enabled":true,"_links":{"self":[{"href":"https:\/\/www.iluzijumuzejs.lv\/lt\/wp-json\/wp\/v2\/pages\/456","targetHints":{"allow":["GET"]}}],"collection":[{"href":"https:\/\/www.iluzijumuzejs.lv\/lt\/wp-json\/wp\/v2\/pages"}],"about":[{"href":"https:\/\/www.iluzijumuzejs.lv\/lt\/wp-json\/wp\/v2\/types\/page"}],"author":[{"embeddable":true,"href":"https:\/\/www.iluzijumuzejs.lv\/lt\/wp-json\/wp\/v2\/users\/1"}],"replies":[{"embeddable":true,"href":"https:\/\/www.iluzijumuzejs.lv\/lt\/wp-json\/wp\/v2\/comments?post=456"}],"version-history":[{"count":8,"href":"https:\/\/www.iluzijumuzejs.lv\/lt\/wp-json\/wp\/v2\/pages\/456\/revisions"}],"predecessor-version":[{"id":5626,"href":"https:\/\/www.iluzijumuzejs.lv\/lt\/wp-json\/wp\/v2\/pages\/456\/revisions\/5626"}],"wp:attachment":[{"href":"https:\/\/www.iluzijumuzejs.lv\/lt\/wp-json\/wp\/v2\/media?parent=456"}],"curies":[{"name":"wp","href":"https:\/\/api.w.org\/{rel}","templated":true}]}}