{"id":387,"date":"2021-11-30T13:57:05","date_gmt":"2021-11-30T13:57:05","guid":{"rendered":"https:\/\/www.iluzijumuzejs.lv\/?page_id=387"},"modified":"2023-12-10T10:43:28","modified_gmt":"2023-12-10T10:43:28","slug":"terms-and-conditions-of-online-tickets","status":"publish","type":"page","link":"https:\/\/www.iluzijumuzejs.lv\/lt\/terms-and-conditions-of-online-tickets\/","title":{"rendered":"BILIET\u0172 PARDAVIMO INTERNETU TAISYKL\u0116S IR S\u0104LYGOS"},"content":{"rendered":"<div data-elementor-type=\"wp-page\" data-elementor-id=\"387\" class=\"elementor elementor-387\" data-elementor-post-type=\"page\">\n\t\t\t\t<div class=\"elementor-element elementor-element-101cd364 e-flex e-con-boxed e-con e-parent\" data-id=\"101cd364\" data-element_type=\"container\" data-e-type=\"container\">\n\t\t\t\t\t<div class=\"e-con-inner\">\n\t\t\t\t<div class=\"elementor-element elementor-element-6773f3e3 elementor-widget elementor-widget-text-editor\" data-id=\"6773f3e3\" data-element_type=\"widget\" data-e-type=\"widget\" data-widget_type=\"text-editor.default\">\n\t\t\t\t<div class=\"elementor-widget-container\">\n\t\t\t\t\t\t\t\t\t\n<p><strong>BILIET\u0172 PARDAVIMO INTERNETU TAISYKL\u0116S IR S\u0104LYGOS<\/strong><\/p>\n<ul>\n<li><strong>1 Bendrosios taisykl\u0117s<\/strong><\/li>\n<\/ul>\n<ol>\n<li>\u0160iose taisykl\u0117se ir s\u0105lygose (toliau - \"Taisykl\u0117s ir s\u0105lygos\") nustatytos grup\u0117s ir individuali\u0173 biliet\u0173 pirkimo internetu taisykl\u0117s \u012f Cosmos iliuzij\u0173 muziejaus (ul. Doma). laukums 1, Ryga ) (toliau - Muziejus) si\u016blomas pramogas.<\/li>\n<li>Bilietus galima \u012fsigyti internetu <a href=\"https:\/\/www.iluzijumuzejs.lv\/pirkt-biletes-tiessaiste\/\">https:\/\/www.iluzijumuzejs.lv\/pirkt-biletes-tiessaiste\/<\/a> ir pirkimas rei\u0161kia, kad pirk\u0117jas sutinka su lankytinos vietos, \u012f kuri\u0105 \u012fsigytas bilietas, lankytoj\u0173 taisykl\u0117mis. Kiekvieno atrakciono lankytoj\u0173 taisykles galima rasti adresu <a href=\"https:\/\/www.iluzijumuzejs.lv\">https:\/\/www.iluzijumuzejs.lv <\/a>.<\/li>\n<li>Bilietus galima \u012fsigyti internetu u\u017esiregistravus <a href=\"https:\/\/www.iluzijumuzejs.lv\/pirkt-biletes-tiessaiste\/\">https:\/\/www.iluzijumuzejs.lv\/pirkt-biletes-tiessaiste\/ <\/a>ir sutikdami su punktais, susijusiais su sutikimu tvarkyti asmens duomenis, taip pat atlik\u0119 mok\u0117jim\u0105 per \"Paysera\" sistem\u0105.<\/li>\n<\/ol>\n<ul>\n<li><strong>2 Registracija<\/strong><\/li>\n<\/ul>\n<ol>\n<li>Galite u\u017esiregistruoti <a href=\"https:\/\/www.iluzijumuzejs.lv\/pirkt-biletes-tiessaiste\/\">https:\/\/www.iluzijumuzejs.lv\/pirkt-biletes-tiessaiste\/ <\/a>, savo vard\u0105, pavard\u0119, el. pa\u0161to adres\u0105 ir slapta\u017eod\u012f.<\/li>\n<li>Kiekvienas internetu u\u017esiregistrav\u0119s asmuo registracijos formoje nurodytu el. pa\u0161to adresu gaus atsakymo prane\u0161im\u0105, kuriame bus nurodyta, ar parai\u0161ka buvo pristatyta Centrui ir ar asmens profilis jau u\u017eregistruotas.<\/li>\n<li>Kad registracija b\u016bt\u0173 s\u0117kminga, registracijos formoje turite nurodyti teisingus duomenis.<\/li>\n<\/ol>\n<ol>\n<li>Muziejus pasilieka teis\u0119 i\u0161trinti bet koki\u0105 paskyr\u0105, prie kurios per pastaruosius 24 m\u0117nesius nebuvo tinkamai prisijungta.<\/li>\n<li>Bilietus galite \u012fsigyti be registracijos, tereikia \u012fvesti savo vard\u0105, pavard\u0119 ir el. pa\u0161to adres\u0105.<\/li>\n<\/ol>\n<ul>\n<li><strong>3 Pirkimas internetu, bendrieji principai<\/strong><\/li>\n<\/ul>\n<ol>\n<li>Vienos prisijungimo sesijos metu galite atlikti ne daugiau kaip tris skirtingas operacijas, kuri\u0173 kiekviena gali sudaryti iki 20 grupini\u0173 biliet\u0173 ir iki 10 individuali\u0173 biliet\u0173, suteikian\u010di\u0173 teis\u0119 j\u0173 tur\u0117tojui (-ams) patekti \u012f parodos teritorij\u0105.<\/li>\n<li>Grup\u0117s bilietus internetu galima parduoti tik per svetain\u0119 <a href=\"https:\/\/www.iluzijumuzejs.lv\/pirkt-biletes-tiessaiste\/\">https:\/\/www.iluzijumuzejs.lv\/pirkt-biletes-tiessaiste\/ <\/a>.<\/li>\n<li>Vienu metu galite prisijungti tik prie vienos paskyros i\u0161 vieno \u012frenginio, naudodami vien\u0105 skirtuk\u0105 viename nar\u0161ykl\u0117s lange.<\/li>\n<li>Kiekvienam atskiram internetiniam u\u017esakymui bus suteiktas atskiras operacijos numeris su galimybe sumok\u0117ti vis\u0105 sum\u0105 u\u017e visus u\u017esakymus i\u0161 karto.<\/li>\n<\/ol>\n<ol>\n<li>Jei norite gauti PVM s\u0105skait\u0105 fakt\u016br\u0105, turite pateikti reikiamus s\u0105skaitos fakt\u016bros duomenis:\n<ol>\n<li>pirk\u0117jo vard\u0105 ir pavard\u0119 arba \u012fmon\u0117s pavadinim\u0105;<\/li>\n<li>adresas (miestas, pa\u0161to kodas, gatv\u0117s pavadinimas)<\/li>\n<li>mokes\u010di\u0173 mok\u0117tojo kodas, PVM (netaikoma fiziniams asmenims);<\/li>\n<li>si\u0173sti \u0161i\u0105 informacij\u0105 el. pa\u0161tu <a href=\"mailto:info@iluzijumuzejs.lv\">info@iluzijumuzejs.lv <\/a>;<\/li>\n<li>S\u0105skaita fakt\u016bra bus i\u0161si\u0173sta el. pa\u0161tu;<\/li>\n<\/ol>\n<\/li>\n<\/ol>\n<ol start=\"6\">\n<li>Mok\u0117ti u\u017e pirkinius internetu galima tik per \"Paysera\", naudojant \"Paysera\" sistemoje priimt\u0105 mok\u0117jimo kortel\u0119, elektroniniu banko pervedimu ar kitais b\u016bdais, <a href=\"https:\/\/www.iluzijumuzejs.lv\/pirkt-biletes-tiessaiste\/\">kuris <\/a>Pateik\u0117 Paysera per https:\/\/www.iluzijumuzejs.lv\/pirkt-biletes- <a href=\"https:\/\/www.iluzijumuzejs.lv\/pirkt-biletes-tiessaiste\/\">nuoroda\/ <\/a>Vietos lygmeniu. Informacij\u0105 apie tai, ar sistema aptarnauja bank\u0105, i\u0161 kurio bus atliekama mok\u0117jimo operacija, galima rasti adresu <a href=\"https:\/\/www.iluzijumuzejs.lv\">https:\/\/www.iluzijumuzejs.lv <\/a>.<\/li>\n<li>Per 30 minu\u010di\u0173 nuo pirkimo internetu pabaigos sistema profilyje nurodytu el. pa\u0161to adresu i\u0161si\u0173s el. lai\u0161k\u0105 su patvirtinimo ir sandorio numeriu, taip pat s\u0105skait\u0105 fakt\u016br\u0105 su nurodytais duomenimis, i\u0161saugotais PDF formatu. kuris tarnauja kaip bilietas \u012f muziej\u0173.<\/li>\n<li>\u012esigyt\u0173 biliet\u0173 gr\u0105\u017einimo taisykl\u0117s yra i\u0161d\u0117stytos Kosmoso iliuzij\u0173 muziejaus lankytoj\u0173 taisykl\u0117se.<\/li>\n<\/ol>\n<ul>\n<li><strong>4 Baigiamosios nuostatos<\/strong><\/li>\n<\/ul>\n<ol>\n<li>Centras turi teis\u0119 keisti \u0161ias taisykles. I\u0161 dalies pakeistos taisykl\u0117s bus paskelbtos internete <a href=\"https:\/\/www.iluzijumuzejs.lv\">https:\/\/www.iluzijumuzejs.lv <\/a>ir galima \u012fsigyti muziejaus biliet\u0173 kasoje.<\/li>\n<li>\u0160ios taisykl\u0117s yra neatsiejama muziejaus ir \"Kosmoso iliuzij\u0173 muziejaus lankytoj\u0173 taisykli\u0173\", kurias galima rasti internete, dalis. <a href=\"https:\/\/www.iluzijumuzejs.lv\">https:\/\/www.iluzijumuzejs.lv <\/a>. Visiems \u0161iose Taisykl\u0117se ir s\u0105lygose neaptartiems klausimams taikomos \"Kosmoso iliuzij\u0173 muziejaus lankytoj\u0173 taisykl\u0117s\".<\/li>\n<li>Internetu \u012fsigyt\u0173 biliet\u0173 kaina yra tokia pati, kaip nurodyta kain\u0173 s\u0105ra\u0161e. <a href=\"https:\/\/www.iluzijumuzejs.lv\/pirkt-biletes-tiessaiste\/\">https:\/\/www.iluzijumuzejs.lv\/pirkt-biletes-tiessaiste\/ <\/a>.<\/li>\n<\/ol>\n<p>\u00a0<\/p>\n\t\t\t\t\t\t\t\t<\/div>\n\t\t\t\t<\/div>\n\t\t\t\t\t<\/div>\n\t\t\t\t<\/div>\n\t\t\t\t<\/div>","protected":false},"excerpt":{"rendered":"<p>BILIETAI INTERNETU 1 Bendrosios s\u0105lygos \u0160ios s\u0105lygos ir nuostatos (toliau - \"s\u0105lygos ir nuostatos\") reglamentuoja grupini\u0173 ir individuali\u0173 biliet\u0173 \u012f Cosmos iliuzij\u0173 muziejaus (ul. Doma. laukums 1, Ryga), toliau vadinamo \"Muziejumi\", si\u016blomas pramogas pirkim\u0105 internetu. Bilietus galima \u012fsigyti internetu adresu https:\/\/www.iluzijumuzejs.lv\/pirkt-biletes-tiessaiste\/, o pirkimas rei\u0161kia, kad pirk\u0117jas sutinka su atrakcionais, \u012f kuriuos bilietas yra [...].<\/p>","protected":false},"author":1,"featured_media":0,"parent":0,"menu_order":0,"comment_status":"closed","ping_status":"closed","template":"","meta":{"footnotes":""},"class_list":["post-387","page","type-page","status-publish","hentry"],"jetpack_sharing_enabled":true,"_links":{"self":[{"href":"https:\/\/www.iluzijumuzejs.lv\/lt\/wp-json\/wp\/v2\/pages\/387","targetHints":{"allow":["GET"]}}],"collection":[{"href":"https:\/\/www.iluzijumuzejs.lv\/lt\/wp-json\/wp\/v2\/pages"}],"about":[{"href":"https:\/\/www.iluzijumuzejs.lv\/lt\/wp-json\/wp\/v2\/types\/page"}],"author":[{"embeddable":true,"href":"https:\/\/www.iluzijumuzejs.lv\/lt\/wp-json\/wp\/v2\/users\/1"}],"replies":[{"embeddable":true,"href":"https:\/\/www.iluzijumuzejs.lv\/lt\/wp-json\/wp\/v2\/comments?post=387"}],"version-history":[{"count":7,"href":"https:\/\/www.iluzijumuzejs.lv\/lt\/wp-json\/wp\/v2\/pages\/387\/revisions"}],"predecessor-version":[{"id":5629,"href":"https:\/\/www.iluzijumuzejs.lv\/lt\/wp-json\/wp\/v2\/pages\/387\/revisions\/5629"}],"wp:attachment":[{"href":"https:\/\/www.iluzijumuzejs.lv\/lt\/wp-json\/wp\/v2\/media?parent=387"}],"curies":[{"name":"wp","href":"https:\/\/api.w.org\/{rel}","templated":true}]}}