{"id":2,"date":"2017-03-18T12:49:08","date_gmt":"2017-03-18T12:49:08","guid":{"rendered":"http:\/\/www.iluzijumuzejs.lv\/?page_id=2"},"modified":"2017-03-18T12:49:08","modified_gmt":"2017-03-18T12:49:08","slug":"sample-page","status":"publish","type":"page","link":"https:\/\/www.iluzijumuzejs.lv\/lt\/sample-page\/","title":{"rendered":"Pavyzdinis puslapis"},"content":{"rendered":"<p>Tai puslapio pavyzdys. Jis skiriasi nuo tinklara\u0161\u010dio \u012fra\u0161o tuo, kad bus vienoje vietoje ir bus rodomas svetain\u0117s navigacijoje (daugumoje tem\u0173). Dauguma \u017emoni\u0173 pradeda nuo puslapio \"Apie\", kuriame jie pristatomi potencialiems svetain\u0117s lankytojams. Jame gali b\u016bti para\u0161yta ma\u017edaug taip:<\/p>\n<blockquote><p>Sveiki! Dien\u0105 dirbu dvira\u010di\u0173 kurjeriu, nakt\u012f esu pradedantis aktorius, ir tai yra mano tinklara\u0161tis. Gyvenu Los And\u017eele, turiu puik\u0173 \u0161un\u012f, vardu D\u017eekas, ir m\u0117gstu pi\u00f1a coladas. (Ir pask\u0119sti lietuje.)<\/p><\/blockquote>\n<p>...arba pana\u0161iai:<\/p>\n<blockquote><p>Bendrov\u0117 \"XYZ Doohickey Company\" buvo \u012fkurta 1971 m. ir nuo to laiko visuomenei tiekia kokybi\u0161kus \u017eaisliukus. Gothamo mieste \u012fsik\u016brusioje \"XYZ\" \u012fmon\u0117je dirba daugiau kaip 2 000 \u017emoni\u0173 ir ji daro daugyb\u0119 nuostabi\u0173 dalyk\u0173 Gothamo bendruomenei.<\/p><\/blockquote>\n<p>Kaip naujas \"WordPress\" naudotojas, tur\u0117tum\u0117te eiti \u012f <a href=\"http:\/\/www.iluzijumuzejs.lv\/wp-admin\/\">j\u016bs\u0173 prietais\u0173 skydelis<\/a> i\u0161trinti \u0161\u012f puslap\u012f ir sukurti naujus puslapius savo turiniui. Smagiai praleiskite laik\u0105!<\/p>","protected":false},"excerpt":{"rendered":"<p>Tai puslapio pavyzdys. Jis skiriasi nuo tinklara\u0161\u010dio \u012fra\u0161o tuo, kad bus vienoje vietoje ir bus rodomas svetain\u0117s navigacijoje (daugumoje tem\u0173). Dauguma \u017emoni\u0173 pradeda nuo puslapio \"Apie\", kuriame jie pristatomi potencialiems svetain\u0117s lankytojams. Jame gali b\u016bti para\u0161yta ma\u017edaug taip: Sveiki! A\u0161 esu dvira\u010di\u0173 kurjeris [...]<\/p>","protected":false},"author":1,"featured_media":0,"parent":0,"menu_order":0,"comment_status":"closed","ping_status":"open","template":"","meta":{"footnotes":""},"class_list":["post-2","page","type-page","status-publish","hentry"],"jetpack_sharing_enabled":true,"_links":{"self":[{"href":"https:\/\/www.iluzijumuzejs.lv\/lt\/wp-json\/wp\/v2\/pages\/2","targetHints":{"allow":["GET"]}}],"collection":[{"href":"https:\/\/www.iluzijumuzejs.lv\/lt\/wp-json\/wp\/v2\/pages"}],"about":[{"href":"https:\/\/www.iluzijumuzejs.lv\/lt\/wp-json\/wp\/v2\/types\/page"}],"author":[{"embeddable":true,"href":"https:\/\/www.iluzijumuzejs.lv\/lt\/wp-json\/wp\/v2\/users\/1"}],"replies":[{"embeddable":true,"href":"https:\/\/www.iluzijumuzejs.lv\/lt\/wp-json\/wp\/v2\/comments?post=2"}],"version-history":[{"count":0,"href":"https:\/\/www.iluzijumuzejs.lv\/lt\/wp-json\/wp\/v2\/pages\/2\/revisions"}],"wp:attachment":[{"href":"https:\/\/www.iluzijumuzejs.lv\/lt\/wp-json\/wp\/v2\/media?parent=2"}],"curies":[{"name":"wp","href":"https:\/\/api.w.org\/{rel}","templated":true}]}}