{"id":19,"date":"2017-03-18T14:20:22","date_gmt":"2017-03-18T14:20:22","guid":{"rendered":"http:\/\/www.iluzijumuzejs.lv\/?page_id=19"},"modified":"2019-01-12T16:29:30","modified_gmt":"2019-01-12T16:29:30","slug":"for-groups","status":"publish","type":"page","link":"https:\/\/www.iluzijumuzejs.lv\/lt\/for-groups\/","title":{"rendered":"Grup\u0117ms"},"content":{"rendered":"<p><span style=\"color: #ffffff;\"><strong>COSMOS iliuzij\u0173 muziejus<\/strong> tai puiki vieta darbo vakar\u0117liams, gimtadieniams, jubiliejams ir kitoms \u0161vent\u0117ms. Taip pat laukiame vaik\u0173 dar\u017eeli\u0173 ir moksleivi\u0173 grupi\u0173! Atvykite su ne ma\u017eesne nei 8 \u017emoni\u0173 grupe ir j\u016bs\u0173 grupei bus taikoma 20% nuolaida. Su\u017einokite, k\u0105 mato j\u016bs\u0173 akys, o smegenys nesupranta, mes paai\u0161kinsime, kiek gal\u0117sime. Apsilankym\u0105 planuokite ma\u017edaug 45-60 min, kartais reikia daugiau laiko, kad patikrintum\u0117te, kas j\u016bs\u0173 laukia iliuzij\u0173 pasaulyje.<\/span><\/p>\n<p><span style=\"color: #ffffff;\"><img fetchpriority=\"high\" decoding=\"async\" class=\"wp-image-31 alignright\" src=\"http:\/\/www.iluzijumuzejs.lv\/wp-content\/uploads\/2017\/03\/2-300x251.jpg\" alt=\"\" width=\"359\" height=\"300\" srcset=\"https:\/\/www.iluzijumuzejs.lv\/wp-content\/uploads\/2017\/03\/2-300x251.jpg 300w, https:\/\/www.iluzijumuzejs.lv\/wp-content\/uploads\/2017\/03\/2-600x503.jpg 600w, https:\/\/www.iluzijumuzejs.lv\/wp-content\/uploads\/2017\/03\/2-768x644.jpg 768w, https:\/\/www.iluzijumuzejs.lv\/wp-content\/uploads\/2017\/03\/2.jpg 1000w\" sizes=\"(max-width: 359px) 100vw, 359px\" \/>Santrauka:<\/span><\/p>\n<ul>\n<li><span style=\"color: #ffffff;\">Grup\u0117ms galime pasi\u016blyti 20% nuolaid\u0105<\/span><\/li>\n<li><span style=\"color: #ffffff;\">Grup\u0117 prasideda nuo 8 \u017emoni\u0173<\/span><\/li>\n<li><span style=\"color: #ffffff;\">U\u017esisakykite apsilankym\u0105 iki 14 dien\u0173 (paskambinkite mums +37122423588 d\u0117l rezervacijos)<\/span><\/li>\n<li><span style=\"color: #ffffff;\">Grup\u0117s vadovas gauna nemokam\u0105 \u012f\u0117jim\u0105<\/span><\/li>\n<\/ul>\n<hr \/>\n<h4><span style=\"color: #ffffff;\"><strong>Daugiau informacijos apie grupinius vizitus: info@iluzijumuzejs.lv arba +37122423588.<\/strong><\/span><\/h4>\n<p>&nbsp;<\/p>","protected":false},"excerpt":{"rendered":"<p>COSMOS iliuzij\u0173 muziejus - puiki vieta darbo vakar\u0117liams, gimtadieniams, jubiliejams ir kitoms \u0161vent\u0117ms. Taip pat laukiame vaik\u0173 dar\u017eeli\u0173 ir moksleivi\u0173 grupi\u0173! Atvykite su ne ma\u017eesne kaip 8 asmen\u0173 grupe ir j\u016bs\u0173 grupei bus taikoma 20% nuolaida. Su\u017einokite, k\u0105 j\u016bs\u0173 akys mato, o smegenys nesupranta, mes jums paai\u0161kinsime, kiek tik \u012fmanoma, ir [...]<\/p>","protected":false},"author":1,"featured_media":0,"parent":0,"menu_order":0,"comment_status":"closed","ping_status":"closed","template":"","meta":{"footnotes":""},"class_list":["post-19","page","type-page","status-publish","hentry"],"jetpack_sharing_enabled":true,"_links":{"self":[{"href":"https:\/\/www.iluzijumuzejs.lv\/lt\/wp-json\/wp\/v2\/pages\/19","targetHints":{"allow":["GET"]}}],"collection":[{"href":"https:\/\/www.iluzijumuzejs.lv\/lt\/wp-json\/wp\/v2\/pages"}],"about":[{"href":"https:\/\/www.iluzijumuzejs.lv\/lt\/wp-json\/wp\/v2\/types\/page"}],"author":[{"embeddable":true,"href":"https:\/\/www.iluzijumuzejs.lv\/lt\/wp-json\/wp\/v2\/users\/1"}],"replies":[{"embeddable":true,"href":"https:\/\/www.iluzijumuzejs.lv\/lt\/wp-json\/wp\/v2\/comments?post=19"}],"version-history":[{"count":5,"href":"https:\/\/www.iluzijumuzejs.lv\/lt\/wp-json\/wp\/v2\/pages\/19\/revisions"}],"predecessor-version":[{"id":260,"href":"https:\/\/www.iluzijumuzejs.lv\/lt\/wp-json\/wp\/v2\/pages\/19\/revisions\/260"}],"wp:attachment":[{"href":"https:\/\/www.iluzijumuzejs.lv\/lt\/wp-json\/wp\/v2\/media?parent=19"}],"curies":[{"name":"wp","href":"https:\/\/api.w.org\/{rel}","templated":true}]}}