{"id":160,"date":"2017-04-11T10:43:07","date_gmt":"2017-04-11T09:43:07","guid":{"rendered":"http:\/\/www.iluzijumuzejs.lv\/?page_id=160"},"modified":"2024-10-29T13:26:15","modified_gmt":"2024-10-29T13:26:15","slug":"grupam","status":"publish","type":"page","link":"https:\/\/www.iluzijumuzejs.lv\/lt\/grupam\/","title":{"rendered":"Grup\u0117ms"},"content":{"rendered":"<div data-elementor-type=\"wp-page\" data-elementor-id=\"160\" class=\"elementor elementor-160\" data-elementor-post-type=\"page\">\n\t\t\t\t<div class=\"elementor-element elementor-element-a11a106 elementor-hidden-tablet elementor-hidden-mobile e-flex e-con-boxed e-con e-parent\" data-id=\"a11a106\" data-element_type=\"container\" data-e-type=\"container\" data-settings=\"{&quot;background_background&quot;:&quot;classic&quot;}\">\n\t\t\t\t\t<div class=\"e-con-inner\">\n\t\t<div class=\"elementor-element elementor-element-f08dc53 e-con-full e-flex e-con e-child\" data-id=\"f08dc53\" data-element_type=\"container\" data-e-type=\"container\">\n\t\t\t\t<div class=\"elementor-element elementor-element-9f91237 elementor-widget elementor-widget-heading\" data-id=\"9f91237\" data-element_type=\"widget\" data-e-type=\"widget\" data-widget_type=\"heading.default\">\n\t\t\t\t<div class=\"elementor-widget-container\">\n\t\t\t\t\t<h1 class=\"elementor-heading-title elementor-size-default\">GRUP\u0116MS<\/h1>\t\t\t\t<\/div>\n\t\t\t\t<\/div>\n\t\t\t\t<div class=\"elementor-element elementor-element-1595a0f elementor-widget elementor-widget-text-editor\" data-id=\"1595a0f\" data-element_type=\"widget\" data-e-type=\"widget\" data-widget_type=\"text-editor.default\">\n\t\t\t\t<div class=\"elementor-widget-container\">\n\t\t\t\t\t\t\t\t\t<ul><li>20 % grup\u0117s nuolaida<\/li><li>Ma\u017eiausiai 8 \u017emon\u0117s vienoje grup\u0117je<\/li><li>Rezervacija turi b\u016bti atlikta prie\u0161 14 dien\u0173.<\/li><li>Nemokamas \u012f\u0117jimas grup\u0117s vadovui<\/li><li>Apsilankymas 45 - 60 minu\u010di\u0173<\/li><\/ul>\t\t\t\t\t\t\t\t<\/div>\n\t\t\t\t<\/div>\n\t\t\t\t<div class=\"elementor-element elementor-element-6b544de elementor-widget__width-initial elementor-widget elementor-widget-text-editor\" data-id=\"6b544de\" data-element_type=\"widget\" data-e-type=\"widget\" data-widget_type=\"text-editor.default\">\n\t\t\t\t<div class=\"elementor-widget-container\">\n\t\t\t\t\t\t\t\t\t<p>Nor\u0117dami u\u017esisakyti, skambinkite mums: +371 22423588<\/p>\t\t\t\t\t\t\t\t<\/div>\n\t\t\t\t<\/div>\n\t\t\t\t<div class=\"elementor-element elementor-element-8e29e03 elementor-widget elementor-widget-button\" data-id=\"8e29e03\" data-element_type=\"widget\" data-e-type=\"widget\" data-widget_type=\"button.default\">\n\t\t\t\t<div class=\"elementor-widget-container\">\n\t\t\t\t\t\t\t\t\t<div class=\"elementor-button-wrapper\">\n\t\t\t\t\t<a class=\"elementor-button elementor-button-link elementor-size-sm\" href=\"https:\/\/www.iluzijumuzejs.lv\/products\/single-tickets\/\">\n\t\t\t\t\t\t<span class=\"elementor-button-content-wrapper\">\n\t\t\t\t\t\t\t\t\t<span class=\"elementor-button-text\">PIRKTI BILIETUS<\/span>\n\t\t\t\t\t<\/span>\n\t\t\t\t\t<\/a>\n\t\t\t\t<\/div>\n\t\t\t\t\t\t\t\t<\/div>\n\t\t\t\t<\/div>\n\t\t\t\t<\/div>\n\t\t<div class=\"elementor-element elementor-element-0781aaa e-con-full e-flex e-con e-child\" data-id=\"0781aaa\" data-element_type=\"container\" data-e-type=\"container\">\n\t\t\t\t<\/div>\n\t\t\t\t\t<\/div>\n\t\t\t\t<\/div>\n\t\t<div class=\"elementor-element elementor-element-1595cff elementor-hidden-desktop e-flex e-con-boxed e-con e-parent\" data-id=\"1595cff\" data-element_type=\"container\" data-e-type=\"container\">\n\t\t\t\t\t<div class=\"e-con-inner\">\n\t\t<div class=\"elementor-element elementor-element-444d7a1 e-con-full e-flex e-con e-child\" data-id=\"444d7a1\" data-element_type=\"container\" data-e-type=\"container\">\n\t\t\t\t<div class=\"elementor-element elementor-element-39558ad elementor-widget elementor-widget-heading\" data-id=\"39558ad\" data-element_type=\"widget\" data-e-type=\"widget\" data-widget_type=\"heading.default\">\n\t\t\t\t<div class=\"elementor-widget-container\">\n\t\t\t\t\t<h1 class=\"elementor-heading-title elementor-size-default\">GRUP\u0116MS<\/h1>\t\t\t\t<\/div>\n\t\t\t\t<\/div>\n\t\t\t\t<div class=\"elementor-element elementor-element-135092d elementor-widget__width-initial elementor-widget elementor-widget-text-editor\" data-id=\"135092d\" data-element_type=\"widget\" data-e-type=\"widget\" data-widget_type=\"text-editor.default\">\n\t\t\t\t<div class=\"elementor-widget-container\">\n\t\t\t\t\t\t\t\t\t<p><strong>COSMOS iliuzij\u0173 muziejus yra ideali vieta darbo vakar\u0117liams, gimtadieniams, jubiliejams ir kitoms \u0161vent\u0117ms. Taip pat laukiamos vaik\u0173 dar\u017eeli\u0173 ir mokykl\u0173 vaik\u0173 grup\u0117s!<\/strong><\/p>\t\t\t\t\t\t\t\t<\/div>\n\t\t\t\t<\/div>\n\t\t\t\t<div class=\"elementor-element elementor-element-57b516f elementor-widget elementor-widget-text-editor\" data-id=\"57b516f\" data-element_type=\"widget\" data-e-type=\"widget\" data-widget_type=\"text-editor.default\">\n\t\t\t\t<div class=\"elementor-widget-container\">\n\t\t\t\t\t\t\t\t\t<ul><li>20 % grup\u0117s nuolaida<\/li><li>Ma\u017eiausiai 8 \u017emon\u0117s vienoje grup\u0117je<\/li><li>U\u017esakymas prie\u016114 dien\u0173<\/li><li>Nemokamas \u012f\u0117jimas grup\u0117s vadovui<\/li><li>Apsilankymas 45 - 60 minu\u010di\u0173<\/li><\/ul>\t\t\t\t\t\t\t\t<\/div>\n\t\t\t\t<\/div>\n\t\t\t\t<div class=\"elementor-element elementor-element-a31353c elementor-widget__width-initial elementor-widget elementor-widget-text-editor\" data-id=\"a31353c\" data-element_type=\"widget\" data-e-type=\"widget\" data-widget_type=\"text-editor.default\">\n\t\t\t\t<div class=\"elementor-widget-container\">\n\t\t\t\t\t\t\t\t\t<p>Skambinkite mums ir u\u017esisakykite:<\/p><p>+371 22423588<\/p>\t\t\t\t\t\t\t\t<\/div>\n\t\t\t\t<\/div>\n\t\t\t\t<div class=\"elementor-element elementor-element-baebe89 elementor-widget elementor-widget-button\" data-id=\"baebe89\" data-element_type=\"widget\" data-e-type=\"widget\" data-widget_type=\"button.default\">\n\t\t\t\t<div class=\"elementor-widget-container\">\n\t\t\t\t\t\t\t\t\t<div class=\"elementor-button-wrapper\">\n\t\t\t\t\t<a class=\"elementor-button elementor-button-link elementor-size-sm\" href=\"https:\/\/www.iluzijumuzejs.lv\/products\/single-tickets\/\">\n\t\t\t\t\t\t<span class=\"elementor-button-content-wrapper\">\n\t\t\t\t\t\t\t\t\t<span class=\"elementor-button-text\">PIRKTI BILIETUS<\/span>\n\t\t\t\t\t<\/span>\n\t\t\t\t\t<\/a>\n\t\t\t\t<\/div>\n\t\t\t\t\t\t\t\t<\/div>\n\t\t\t\t<\/div>\n\t\t\t\t<\/div>\n\t\t<div class=\"elementor-element elementor-element-4c6248a e-con-full e-flex e-con e-child\" data-id=\"4c6248a\" data-element_type=\"container\" data-e-type=\"container\">\n\t\t\t\t<\/div>\n\t\t\t\t\t<\/div>\n\t\t\t\t<\/div>\n\t\t<div class=\"elementor-element elementor-element-4fc8800 elementor-hidden-desktop e-flex e-con-boxed e-con e-parent\" data-id=\"4fc8800\" data-element_type=\"container\" data-e-type=\"container\" data-settings=\"{&quot;background_background&quot;:&quot;classic&quot;}\">\n\t\t\t\t\t<div class=\"e-con-inner\">\n\t\t\t\t\t<\/div>\n\t\t\t\t<\/div>\n\t\t<div class=\"elementor-element elementor-element-4974045 elementor-hidden-tablet elementor-hidden-mobile e-flex e-con-boxed e-con e-parent\" data-id=\"4974045\" data-element_type=\"container\" data-e-type=\"container\" data-settings=\"{&quot;background_background&quot;:&quot;classic&quot;}\">\n\t\t\t\t\t<div class=\"e-con-inner\">\n\t\t\t\t\t<\/div>\n\t\t\t\t<\/div>\n\t\t\t\t<\/div>","protected":false},"excerpt":{"rendered":"<p>Grup\u0117ms COSMOS Iliuzij\u0173 muziejus yra ideali vieta darbo vakar\u0117liams, gimtadieniams, jubiliejams ir kitoms \u0161vent\u0117ms. Taip pat laukiamos vaik\u0173 dar\u017eeli\u0173 ir mokykl\u0173 vaik\u0173 grup\u0117s! 20 % nuolaida grup\u0117ms Ne ma\u017eiau kaip 8 \u017emon\u0117s grup\u0117je U\u017esakymas14 dien\u0173 i\u0161 anksto Nemokamas \u012f\u0117jimas grup\u0117s vadovui Apsilankymas 45 - 60 minu\u010di\u0173 Nor\u0117dami u\u017esisakyti, skambinkite mums.<\/p>","protected":false},"author":1,"featured_media":0,"parent":0,"menu_order":0,"comment_status":"closed","ping_status":"closed","template":"","meta":{"footnotes":""},"class_list":["post-160","page","type-page","status-publish","hentry"],"jetpack_sharing_enabled":true,"_links":{"self":[{"href":"https:\/\/www.iluzijumuzejs.lv\/lt\/wp-json\/wp\/v2\/pages\/160","targetHints":{"allow":["GET"]}}],"collection":[{"href":"https:\/\/www.iluzijumuzejs.lv\/lt\/wp-json\/wp\/v2\/pages"}],"about":[{"href":"https:\/\/www.iluzijumuzejs.lv\/lt\/wp-json\/wp\/v2\/types\/page"}],"author":[{"embeddable":true,"href":"https:\/\/www.iluzijumuzejs.lv\/lt\/wp-json\/wp\/v2\/users\/1"}],"replies":[{"embeddable":true,"href":"https:\/\/www.iluzijumuzejs.lv\/lt\/wp-json\/wp\/v2\/comments?post=160"}],"version-history":[{"count":90,"href":"https:\/\/www.iluzijumuzejs.lv\/lt\/wp-json\/wp\/v2\/pages\/160\/revisions"}],"predecessor-version":[{"id":13891,"href":"https:\/\/www.iluzijumuzejs.lv\/lt\/wp-json\/wp\/v2\/pages\/160\/revisions\/13891"}],"wp:attachment":[{"href":"https:\/\/www.iluzijumuzejs.lv\/lt\/wp-json\/wp\/v2\/media?parent=160"}],"curies":[{"name":"wp","href":"https:\/\/api.w.org\/{rel}","templated":true}]}}